{"id":11,"date":"2025-07-28T10:03:37","date_gmt":"2025-07-28T10:03:37","guid":{"rendered":"https:\/\/coladagenial.com\/?page_id=11"},"modified":"2025-07-28T11:08:46","modified_gmt":"2025-07-28T11:08:46","slug":"contacto","status":"publish","type":"page","link":"https:\/\/coladagenial.com\/?page_id=11","title":{"rendered":"Contacto"},"content":{"rendered":"<p>[et_pb_section fb_built=\u00bb1&#8243; theme_builder_area=\u00bbpost_content\u00bb _builder_version=\u00bb4.27.4&#8243; _module_preset=\u00bbdefault\u00bb background_color=\u00bb#fbffdf\u00bb hover_enabled=\u00bb0&#8243; sticky_enabled=\u00bb0&#8243;][et_pb_row _builder_version=\u00bb4.27.4&#8243; _module_preset=\u00bbdefault\u00bb theme_builder_area=\u00bbpost_content\u00bb][et_pb_column _builder_version=\u00bb4.27.4&#8243; _module_preset=\u00bbdefault\u00bb type=\u00bb4_4&#8243; theme_builder_area=\u00bbpost_content\u00bb][et_pb_text _builder_version=\u00bb4.27.4&#8243; _module_preset=\u00bbdefault\u00bb theme_builder_area=\u00bbpost_content\u00bb header_text_align=\u00bbcenter\u00bb header_font=\u00bbPacifico|600|||||||\u00bb header_text_color=\u00bb#0072d9&#8243; hover_enabled=\u00bb0&#8243; sticky_enabled=\u00bb0&#8243; header_font_size=\u00bb50px\u00bb]<\/p>\n<h1>Contacte con nosotros<\/h1>\n<p>[\/et_pb_text][\/et_pb_column][\/et_pb_row][\/et_pb_section][et_pb_section fb_built=\u00bb1&#8243; theme_builder_area=\u00bbpost_content\u00bb _builder_version=\u00bb4.27.4&#8243; _module_preset=\u00bbdefault\u00bb][et_pb_row _builder_version=\u00bb4.27.4&#8243; _module_preset=\u00bbdefault\u00bb column_structure=\u00bb1_2,1_2&#8243; theme_builder_area=\u00bbpost_content\u00bb][et_pb_column _builder_version=\u00bb4.27.4&#8243; _module_preset=\u00bbdefault\u00bb type=\u00bb1_2&#8243; theme_builder_area=\u00bbpost_content\u00bb][et_pb_text _builder_version=\u00bb4.27.4&#8243; _module_preset=\u00bbdefault\u00bb theme_builder_area=\u00bbpost_content\u00bb text_text_color=\u00bb#000000&#8243; text_font_size=\u00bb23px\u00bb text_font=\u00bb|600|||||||\u00bb hover_enabled=\u00bb0&#8243; sticky_enabled=\u00bb0&#8243;]<\/p>\n<p style=\"text-align: center;\">Datos de contacto<\/p>\n<p>[\/et_pb_text][et_pb_image src=\u00bbhttps:\/\/coladagenial.com\/wp-content\/uploads\/2025\/07\/1497619669-androidmobile-phone_85137.png\u00bb _builder_version=\u00bb4.27.4&#8243; _module_preset=\u00bbdefault\u00bb theme_builder_area=\u00bbpost_content\u00bb title_text=\u00bb1497619669-androidmobile-phone_85137&#8243; max_width=\u00bb10%\u00bb module_alignment=\u00bbcenter\u00bb hover_enabled=\u00bb0&#8243; sticky_enabled=\u00bb0&#8243;][\/et_pb_image][et_pb_text _builder_version=\u00bb4.27.4&#8243; _module_preset=\u00bbdefault\u00bb theme_builder_area=\u00bbpost_content\u00bb text_text_color=\u00bb#000000&#8243; custom_margin=\u00bb-15px||||false|false\u00bb hover_enabled=\u00bb0&#8243; sticky_enabled=\u00bb0&#8243;]<\/p>\n<p style=\"text-align: center;\">+34 655 808 440<\/p>\n<p>[\/et_pb_text][et_pb_image src=\u00bbhttps:\/\/coladagenial.com\/wp-content\/uploads\/2025\/07\/4202011emailgmaillogomailsocialsocialmedia-115677_115624.png\u00bb _builder_version=\u00bb4.27.4&#8243; _module_preset=\u00bbdefault\u00bb theme_builder_area=\u00bbpost_content\u00bb title_text=\u00bb4202011emailgmaillogomailsocialsocialmedia-115677_115624&#8243; max_width=\u00bb10%\u00bb module_alignment=\u00bbcenter\u00bb hover_enabled=\u00bb0&#8243; sticky_enabled=\u00bb0&#8243;][\/et_pb_image][et_pb_text _builder_version=\u00bb4.27.4&#8243; _module_preset=\u00bbdefault\u00bb theme_builder_area=\u00bbpost_content\u00bb text_text_color=\u00bb#000000&#8243; custom_margin=\u00bb-15px||||false|false\u00bb hover_enabled=\u00bb0&#8243; sticky_enabled=\u00bb0&#8243;]<\/p>\n<p style=\"text-align: center;\">coladagenial@gmail.com<\/p>\n<p>[\/et_pb_text][et_pb_image src=\u00bbhttps:\/\/coladagenial.com\/wp-content\/uploads\/2025\/07\/map-map-marker-icon_34394.png\u00bb _builder_version=\u00bb4.27.4&#8243; _module_preset=\u00bbdefault\u00bb theme_builder_area=\u00bbpost_content\u00bb title_text=\u00bbmap-map-marker-icon_34394&#8243; max_width=\u00bb10%\u00bb module_alignment=\u00bbcenter\u00bb hover_enabled=\u00bb0&#8243; sticky_enabled=\u00bb0&#8243;][\/et_pb_image][et_pb_text _builder_version=\u00bb4.27.4&#8243; _module_preset=\u00bbdefault\u00bb theme_builder_area=\u00bbpost_content\u00bb text_text_color=\u00bb#000000&#8243; custom_margin=\u00bb-15px||||false|false\u00bb hover_enabled=\u00bb0&#8243; sticky_enabled=\u00bb0&#8243;]<\/p>\n<p style=\"text-align: center;\">C\/ Galaroza, 1, 21006 Huelva<\/p>\n<p style=\"text-align: center;\">C\/ Zenobia Camprub\u00ed, 79, 81, 21800 Moguer, Huelva<\/p>\n<p style=\"text-align: center;\">Av. de Villa Real de San Antonio, 14, 21400 Ayamonte, Huelva<\/p>\n<p style=\"text-align: center;\">Av. de Diego Mor\u00f3n, 21 Huelva<\/p>\n<p>[\/et_pb_text][\/et_pb_column][et_pb_column _builder_version=\u00bb4.27.4&#8243; _module_preset=\u00bbdefault\u00bb type=\u00bb1_2&#8243; theme_builder_area=\u00bbpost_content\u00bb][et_pb_contact_form _builder_version=\u00bb4.27.4&#8243; _module_preset=\u00bbdefault\u00bb _unique_id=\u00bbe5429ba7-1211-418d-a78f-2dd6940da637&#8243; theme_builder_area=\u00bbpost_content\u00bb form_field_background_color=\u00bb#FFFFFF\u00bb form_field_text_color=\u00bb#000000&#8243; border_width_all=\u00bb1px\u00bb border_color_all=\u00bb#000000&#8243; use_spam_service=\u00bbon\u00bb recaptcha_list=\u00bbcoladagenial|coladagenial-0&#8243; hover_enabled=\u00bb0&#8243; sticky_enabled=\u00bb0&#8243; custom_button=\u00bbon\u00bb button_text_color=\u00bb#FFFFFF\u00bb button_bg_color=\u00bb#0072d9&#8243; button_bg_enable_color=\u00bbon\u00bb button_border_width=\u00bb0px\u00bb button_border_radius=\u00bb0px\u00bb button_use_icon=\u00bboff\u00bb][et_pb_contact_field field_id=\u00bbName\u00bb field_title=\u00bbNombre\u00bb _builder_version=\u00bb4.27.4&#8243; hover_enabled=\u00bb0&#8243; global_colors_info=\u00bb{}\u00bb button_text_size__hover_enabled=\u00bboff\u00bb button_one_text_size__hover_enabled=\u00bboff\u00bb button_two_text_size__hover_enabled=\u00bboff\u00bb button_text_color__hover_enabled=\u00bboff\u00bb button_one_text_color__hover_enabled=\u00bboff\u00bb button_two_text_color__hover_enabled=\u00bboff\u00bb button_border_width__hover_enabled=\u00bboff\u00bb button_one_border_width__hover_enabled=\u00bboff\u00bb button_two_border_width__hover_enabled=\u00bboff\u00bb button_border_color__hover_enabled=\u00bboff\u00bb button_one_border_color__hover_enabled=\u00bboff\u00bb button_two_border_color__hover_enabled=\u00bboff\u00bb button_border_radius__hover_enabled=\u00bboff\u00bb button_one_border_radius__hover_enabled=\u00bboff\u00bb button_two_border_radius__hover_enabled=\u00bboff\u00bb button_letter_spacing__hover_enabled=\u00bboff\u00bb button_one_letter_spacing__hover_enabled=\u00bboff\u00bb button_two_letter_spacing__hover_enabled=\u00bboff\u00bb button_bg_color__hover_enabled=\u00bboff\u00bb button_one_bg_color__hover_enabled=\u00bboff\u00bb button_two_bg_color__hover_enabled=\u00bboff\u00bb theme_builder_area=\u00bbpost_content\u00bb fullwidth_field=\u00bbon\u00bb sticky_enabled=\u00bb0&#8243;][\/et_pb_contact_field][et_pb_contact_field field_id=\u00bbPhone\u00bb field_title=\u00bbTel\u00e9fono\u00bb _builder_version=\u00bb4.27.4&#8243; hover_enabled=\u00bb0&#8243; global_colors_info=\u00bb{}\u00bb button_text_size__hover_enabled=\u00bboff\u00bb button_one_text_size__hover_enabled=\u00bboff\u00bb button_two_text_size__hover_enabled=\u00bboff\u00bb button_text_color__hover_enabled=\u00bboff\u00bb button_one_text_color__hover_enabled=\u00bboff\u00bb button_two_text_color__hover_enabled=\u00bboff\u00bb button_border_width__hover_enabled=\u00bboff\u00bb button_one_border_width__hover_enabled=\u00bboff\u00bb button_two_border_width__hover_enabled=\u00bboff\u00bb button_border_color__hover_enabled=\u00bboff\u00bb button_one_border_color__hover_enabled=\u00bboff\u00bb button_two_border_color__hover_enabled=\u00bboff\u00bb button_border_radius__hover_enabled=\u00bboff\u00bb button_one_border_radius__hover_enabled=\u00bboff\u00bb button_two_border_radius__hover_enabled=\u00bboff\u00bb button_letter_spacing__hover_enabled=\u00bboff\u00bb button_one_letter_spacing__hover_enabled=\u00bboff\u00bb button_two_letter_spacing__hover_enabled=\u00bboff\u00bb button_bg_color__hover_enabled=\u00bboff\u00bb button_one_bg_color__hover_enabled=\u00bboff\u00bb button_two_bg_color__hover_enabled=\u00bboff\u00bb theme_builder_area=\u00bbpost_content\u00bb fullwidth_field=\u00bbon\u00bb sticky_enabled=\u00bb0&#8243; allowed_symbols=\u00bbnumbers\u00bb][\/et_pb_contact_field][et_pb_contact_field field_id=\u00bbEmail\u00bb field_title=\u00bbDirecci\u00f3n de correo electr\u00f3nico\u00bb field_type=\u00bbemail\u00bb _builder_version=\u00bb4.27.4&#8243; hover_enabled=\u00bb0&#8243; global_colors_info=\u00bb{}\u00bb button_text_size__hover_enabled=\u00bboff\u00bb button_one_text_size__hover_enabled=\u00bboff\u00bb button_two_text_size__hover_enabled=\u00bboff\u00bb button_text_color__hover_enabled=\u00bboff\u00bb button_one_text_color__hover_enabled=\u00bboff\u00bb button_two_text_color__hover_enabled=\u00bboff\u00bb button_border_width__hover_enabled=\u00bboff\u00bb button_one_border_width__hover_enabled=\u00bboff\u00bb button_two_border_width__hover_enabled=\u00bboff\u00bb button_border_color__hover_enabled=\u00bboff\u00bb button_one_border_color__hover_enabled=\u00bboff\u00bb button_two_border_color__hover_enabled=\u00bboff\u00bb button_border_radius__hover_enabled=\u00bboff\u00bb button_one_border_radius__hover_enabled=\u00bboff\u00bb button_two_border_radius__hover_enabled=\u00bboff\u00bb button_letter_spacing__hover_enabled=\u00bboff\u00bb button_one_letter_spacing__hover_enabled=\u00bboff\u00bb button_two_letter_spacing__hover_enabled=\u00bboff\u00bb button_bg_color__hover_enabled=\u00bboff\u00bb button_one_bg_color__hover_enabled=\u00bboff\u00bb button_two_bg_color__hover_enabled=\u00bboff\u00bb theme_builder_area=\u00bbpost_content\u00bb fullwidth_field=\u00bbon\u00bb sticky_enabled=\u00bb0&#8243;][\/et_pb_contact_field][et_pb_contact_field field_id=\u00bbMessage\u00bb field_title=\u00bbMensaje\u00bb field_type=\u00bbtext\u00bb fullwidth_field=\u00bbon\u00bb _builder_version=\u00bb4.16&#8243; global_colors_info=\u00bb{}\u00bb button_text_size__hover_enabled=\u00bboff\u00bb button_one_text_size__hover_enabled=\u00bboff\u00bb button_two_text_size__hover_enabled=\u00bboff\u00bb button_text_color__hover_enabled=\u00bboff\u00bb button_one_text_color__hover_enabled=\u00bboff\u00bb button_two_text_color__hover_enabled=\u00bboff\u00bb button_border_width__hover_enabled=\u00bboff\u00bb button_one_border_width__hover_enabled=\u00bboff\u00bb button_two_border_width__hover_enabled=\u00bboff\u00bb button_border_color__hover_enabled=\u00bboff\u00bb button_one_border_color__hover_enabled=\u00bboff\u00bb button_two_border_color__hover_enabled=\u00bboff\u00bb button_border_radius__hover_enabled=\u00bboff\u00bb button_one_border_radius__hover_enabled=\u00bboff\u00bb button_two_border_radius__hover_enabled=\u00bboff\u00bb button_letter_spacing__hover_enabled=\u00bboff\u00bb button_one_letter_spacing__hover_enabled=\u00bboff\u00bb button_two_letter_spacing__hover_enabled=\u00bboff\u00bb button_bg_color__hover_enabled=\u00bboff\u00bb button_one_bg_color__hover_enabled=\u00bboff\u00bb button_two_bg_color__hover_enabled=\u00bboff\u00bb theme_builder_area=\u00bbpost_content\u00bb][\/et_pb_contact_field][\/et_pb_contact_form][\/et_pb_column][\/et_pb_row][\/et_pb_section][et_pb_section fb_built=\u00bb1&#8243; theme_builder_area=\u00bbpost_content\u00bb _builder_version=\u00bb4.27.4&#8243; _module_preset=\u00bbdefault\u00bb background_color=\u00bb#ffffe3&#8243; hover_enabled=\u00bb0&#8243; sticky_enabled=\u00bb0&#8243;][et_pb_row _builder_version=\u00bb4.27.4&#8243; _module_preset=\u00bbdefault\u00bb theme_builder_area=\u00bbpost_content\u00bb][et_pb_column _builder_version=\u00bb4.27.4&#8243; _module_preset=\u00bbdefault\u00bb type=\u00bb4_4&#8243; theme_builder_area=\u00bbpost_content\u00bb][et_pb_text _builder_version=\u00bb4.27.4&#8243; _module_preset=\u00bbdefault\u00bb theme_builder_area=\u00bbpost_content\u00bb header_2_text_color=\u00bb#000000&#8243; hover_enabled=\u00bb0&#8243; sticky_enabled=\u00bb0&#8243;]<\/p>\n<h2 style=\"text-align: center;\">VIS\u00cdTANOS EN CUALQUIER DE NUESTRAS INSTALACIONES<\/h2>\n<p>[\/et_pb_text][\/et_pb_column][\/et_pb_row][\/et_pb_section][et_pb_section fb_built=\u00bb1&#8243; theme_builder_area=\u00bbpost_content\u00bb _builder_version=\u00bb4.27.4&#8243; _module_preset=\u00bbdefault\u00bb][et_pb_row _builder_version=\u00bb4.27.4&#8243; _module_preset=\u00bbdefault\u00bb column_structure=\u00bb1_4,1_4,1_4,1_4&#8243; theme_builder_area=\u00bbpost_content\u00bb use_custom_gutter=\u00bbon\u00bb gutter_width=\u00bb1&#8243; width=\u00bb75%\u00bb max_width=\u00bb75%\u00bb hover_enabled=\u00bb0&#8243; sticky_enabled=\u00bb0&#8243;][et_pb_column _builder_version=\u00bb4.27.4&#8243; _module_preset=\u00bbdefault\u00bb type=\u00bb1_4&#8243; theme_builder_area=\u00bbpost_content\u00bb][et_pb_code _builder_version=\u00bb4.27.4&#8243; _module_preset=\u00bbdefault\u00bb theme_builder_area=\u00bbpost_content\u00bb hover_enabled=\u00bb0&#8243; sticky_enabled=\u00bb0&#8243;]<iframe src=\"https:\/\/www.google.com\/maps\/embed?pb=!1m14!1m8!1m3!1d6350.918707752827!2d-6.931747!3d37.26053300000001!3m2!1i1024!2i768!4f13.1!3m3!1m2!1s0xd11d01cace6f515%3A0x8f2ec5ae2d3dd97a!2sC.%20Galaroza%2C%201%2C%2021006%20Huelva%2C%20Espa%C3%B1a!5e0!3m2!1ses!2sus!4v1753699766848!5m2!1ses!2sus\" width=\"600\" height=\"450\" style=\"border:0;\" allowfullscreen=\"\" loading=\"lazy\" referrerpolicy=\"no-referrer-when-downgrade\"><\/iframe>[\/et_pb_code][et_pb_text _builder_version=\u00bb4.27.4&#8243; _module_preset=\u00bbdefault\u00bb theme_builder_area=\u00bbpost_content\u00bb text_font_size=\u00bb17px\u00bb text_text_color=\u00bb#000000&#8243; hover_enabled=\u00bb0&#8243; sticky_enabled=\u00bb0&#8243;]<\/p>\n<div class=\"Preview_column__1KeVx col \">\n<div data-id=\"B39EB4D9-5E1D-4AA8-BB6D-FB35DB691160\" data-kind=\"TEXT\" class=\"Preview_componentWrapper__2i4QI\">\n<div data-in-template=\"false\" data-id=\"B39EB4D9-5E1D-4AA8-BB6D-FB35DB691160\" data-kind=\"Component\" data-specific-kind=\"TEXT\" class=\" Preview_component__SbiKo text-align-null\">\n<div data-mve-font-change=\"0\" class=\"styles_contentContainer__lrPIa textnormal styles_text__3jGMu\">\n<p class=\"textnormal mobile-undersized-upper\" style=\"text-align: center;\"><strong><span class=\"textheading3 \">C\/ Galaroza, 1, 21006 Huelva<\/span><\/strong><\/p>\n<\/div>\n<\/div>\n<\/div>\n<div><\/div>\n<\/div>\n<div class=\"Preview_column__1KeVx col \">\n<div class=\"Preview_row__3Fkye row\">\n<div data-id=\"5C866E95-EDBD-4E23-A102-6AF27549803D\" data-kind=\"TEXT\" class=\"Preview_componentWrapper__2i4QI\">\n<div data-in-template=\"false\" data-id=\"5C866E95-EDBD-4E23-A102-6AF27549803D\" data-kind=\"Component\" data-specific-kind=\"TEXT\" class=\" Preview_component__SbiKo text-align-null\">\n<div data-mve-font-change=\"0\" class=\"styles_contentContainer__lrPIa textnormal styles_text__3jGMu\">\n<div class=\"mceNonEditable center\">\n<div data-wrap-id=\"F0D87229-C152-4E5C-BF88-14A67ED72F45\">\n<div class=\"Preview_column__1KeVx col \">\n<div class=\"Preview_row__3Fkye row\">\n<div data-id=\"F0D87229-C152-4E5C-BF88-14A67ED72F45\" data-kind=\"IMAGE\" class=\"Preview_componentWrapper__2i4QI\">\n<div data-in-template=\"false\" data-id=\"F0D87229-C152-4E5C-BF88-14A67ED72F45\" data-kind=\"Component\" data-specific-kind=\"IMAGE\" class=\" Preview_component__SbiKo \"><\/div>\n<\/div>\n<\/div>\n<\/div>\n<\/div>\n<\/div>\n<\/div>\n<\/div>\n<\/div>\n<\/div>\n<\/div>\n<p>[\/et_pb_text][\/et_pb_column][et_pb_column _builder_version=\u00bb4.27.4&#8243; _module_preset=\u00bbdefault\u00bb type=\u00bb1_4&#8243; theme_builder_area=\u00bbpost_content\u00bb][et_pb_code _builder_version=\u00bb4.27.4&#8243; _module_preset=\u00bbdefault\u00bb theme_builder_area=\u00bbpost_content\u00bb hover_enabled=\u00bb0&#8243; sticky_enabled=\u00bb0&#8243;]<iframe src=\"https:\/\/www.google.com\/maps\/embed?pb=!1m14!1m8!1m3!1d3174.710859407494!2d-6.839506!3d37.278283!3m2!1i1024!2i768!4f13.1!3m3!1m2!1s0xd11c4a92464a045%3A0x8ebe840f47bca49f!2sC.%20Zenobia%20Camprub%C3%AD%2C%2079%2C%2081%2C%2021800%20Moguer%2C%20Huelva%2C%20Espa%C3%B1a!5e0!3m2!1ses!2sus!4v1753699798170!5m2!1ses!2sus\" width=\"600\" height=\"450\" style=\"border:0;\" allowfullscreen=\"\" loading=\"lazy\" referrerpolicy=\"no-referrer-when-downgrade\"><\/iframe>[\/et_pb_code][et_pb_text _builder_version=\u00bb4.27.4&#8243; _module_preset=\u00bbdefault\u00bb theme_builder_area=\u00bbpost_content\u00bb text_font_size=\u00bb17px\u00bb text_text_color=\u00bb#000000&#8243; hover_enabled=\u00bb0&#8243; sticky_enabled=\u00bb0&#8243;]<\/p>\n<div class=\"Preview_column__1KeVx col \">\n<div data-id=\"B39EB4D9-5E1D-4AA8-BB6D-FB35DB691160\" data-kind=\"TEXT\" class=\"Preview_componentWrapper__2i4QI\">\n<div data-in-template=\"false\" data-id=\"B39EB4D9-5E1D-4AA8-BB6D-FB35DB691160\" data-kind=\"Component\" data-specific-kind=\"TEXT\" class=\" Preview_component__SbiKo text-align-null\">\n<div data-mve-font-change=\"0\" class=\"styles_contentContainer__lrPIa textnormal styles_text__3jGMu\">\n<div class=\"Preview_column__1KeVx col \">\n<div data-id=\"B39EB4D9-5E1D-4AA8-BB6D-FB35DB691160\" data-kind=\"TEXT\" class=\"Preview_componentWrapper__2i4QI\">\n<div data-in-template=\"false\" data-id=\"B39EB4D9-5E1D-4AA8-BB6D-FB35DB691160\" data-kind=\"Component\" data-specific-kind=\"TEXT\" class=\" Preview_component__SbiKo text-align-null\">\n<div data-mve-font-change=\"0\" class=\"styles_contentContainer__lrPIa textnormal styles_text__3jGMu\">\n<p class=\"textnormal mobile-undersized-upper\" style=\"text-align: center;\"><strong>C\/ Zenobia Camprub\u00ed, 79, 81, 21800 Moguer, Huelva<\/strong><\/p>\n<\/div>\n<\/div>\n<\/div>\n<\/div>\n<\/div>\n<\/div>\n<\/div>\n<\/div>\n<p>[\/et_pb_text][\/et_pb_column][et_pb_column _builder_version=\u00bb4.27.4&#8243; _module_preset=\u00bbdefault\u00bb type=\u00bb1_4&#8243; theme_builder_area=\u00bbpost_content\u00bb][et_pb_code _builder_version=\u00bb4.27.4&#8243; _module_preset=\u00bbdefault\u00bb theme_builder_area=\u00bbpost_content\u00bb hover_enabled=\u00bb0&#8243; sticky_enabled=\u00bb0&#8243;]<iframe src=\"https:\/\/www.google.com\/maps\/embed?pb=!1m14!1m8!1m3!1d6355.0113538977!2d-7.407615999999999!3d37.211969!3m2!1i1024!2i768!4f13.1!3m3!1m2!1s0xd1022e8faa7fc0b%3A0x20b896e0c424830b!2sAv.%20de%20Villa%20Real%20de%20San%20Antonio%2C%2014%2C%2021400%20Ayamonte%2C%20Huelva%2C%20Espa%C3%B1a!5e0!3m2!1ses!2sus!4v1753699816943!5m2!1ses!2sus\" width=\"600\" height=\"450\" style=\"border:0;\" allowfullscreen=\"\" loading=\"lazy\" referrerpolicy=\"no-referrer-when-downgrade\"><\/iframe>[\/et_pb_code][et_pb_text _builder_version=\u00bb4.27.4&#8243; _module_preset=\u00bbdefault\u00bb theme_builder_area=\u00bbpost_content\u00bb text_font_size=\u00bb17px\u00bb text_text_color=\u00bb#000000&#8243; hover_enabled=\u00bb0&#8243; sticky_enabled=\u00bb0&#8243;]<\/p>\n<div class=\"Preview_column__1KeVx col \">\n<div data-id=\"B39EB4D9-5E1D-4AA8-BB6D-FB35DB691160\" data-kind=\"TEXT\" class=\"Preview_componentWrapper__2i4QI\">\n<div data-in-template=\"false\" data-id=\"B39EB4D9-5E1D-4AA8-BB6D-FB35DB691160\" data-kind=\"Component\" data-specific-kind=\"TEXT\" class=\" Preview_component__SbiKo text-align-null\">\n<div data-mve-font-change=\"0\" class=\"styles_contentContainer__lrPIa textnormal styles_text__3jGMu\">\n<div class=\"Preview_column__1KeVx col \">\n<div data-id=\"B39EB4D9-5E1D-4AA8-BB6D-FB35DB691160\" data-kind=\"TEXT\" class=\"Preview_componentWrapper__2i4QI\">\n<div data-in-template=\"false\" data-id=\"B39EB4D9-5E1D-4AA8-BB6D-FB35DB691160\" data-kind=\"Component\" data-specific-kind=\"TEXT\" class=\" Preview_component__SbiKo text-align-null\">\n<div data-mve-font-change=\"0\" class=\"styles_contentContainer__lrPIa textnormal styles_text__3jGMu\">\n<p class=\"textnormal mobile-undersized-upper\" style=\"text-align: center;\"><strong>Av. de Villa Real de San Antonio, 14, 21400 Ayamonte, Huelva<\/strong><\/p>\n<\/div>\n<\/div>\n<\/div>\n<\/div>\n<\/div>\n<\/div>\n<\/div>\n<\/div>\n<p>[\/et_pb_text][\/et_pb_column][et_pb_column _builder_version=\u00bb4.27.4&#8243; _module_preset=\u00bbdefault\u00bb type=\u00bb1_4&#8243; theme_builder_area=\u00bbpost_content\u00bb][et_pb_code _builder_version=\u00bb4.27.4&#8243; _module_preset=\u00bbdefault\u00bb theme_builder_area=\u00bbpost_content\u00bb hover_enabled=\u00bb0&#8243; sticky_enabled=\u00bb0&#8243;]<iframe src=\"https:\/\/www.google.com\/maps\/embed?pb=!1m14!1m8!1m3!1d25397.445956630774!2d-6.941547!3d37.278997!3m2!1i1024!2i768!4f13.1!3m3!1m2!1s0xd11cfe9c4f80587%3A0x4b0003e6ba298911!2sAv.%20de%20Diego%20Mor%C3%B3n%2C%2021%2C%2021005%20Huelva%2C%20Espa%C3%B1a!5e0!3m2!1ses!2sus!4v1753699825077!5m2!1ses!2sus\" width=\"600\" height=\"450\" style=\"border:0;\" allowfullscreen=\"\" loading=\"lazy\" referrerpolicy=\"no-referrer-when-downgrade\"><\/iframe>[\/et_pb_code][et_pb_text _builder_version=\u00bb4.27.4&#8243; _module_preset=\u00bbdefault\u00bb theme_builder_area=\u00bbpost_content\u00bb text_font_size=\u00bb17px\u00bb text_text_color=\u00bb#000000&#8243; hover_enabled=\u00bb0&#8243; sticky_enabled=\u00bb0&#8243;]<\/p>\n<div class=\"Preview_column__1KeVx col \">\n<div data-id=\"B39EB4D9-5E1D-4AA8-BB6D-FB35DB691160\" data-kind=\"TEXT\" class=\"Preview_componentWrapper__2i4QI\">\n<div data-in-template=\"false\" data-id=\"B39EB4D9-5E1D-4AA8-BB6D-FB35DB691160\" data-kind=\"Component\" data-specific-kind=\"TEXT\" class=\" Preview_component__SbiKo text-align-null\">\n<div data-mve-font-change=\"0\" class=\"styles_contentContainer__lrPIa textnormal styles_text__3jGMu\">\n<div class=\"Preview_column__1KeVx col \">\n<div data-id=\"B39EB4D9-5E1D-4AA8-BB6D-FB35DB691160\" data-kind=\"TEXT\" class=\"Preview_componentWrapper__2i4QI\">\n<div data-in-template=\"false\" data-id=\"B39EB4D9-5E1D-4AA8-BB6D-FB35DB691160\" data-kind=\"Component\" data-specific-kind=\"TEXT\" class=\" Preview_component__SbiKo text-align-null\">\n<div data-mve-font-change=\"0\" class=\"styles_contentContainer__lrPIa textnormal styles_text__3jGMu\">\n<h3 class=\"textheading3 \" style=\"text-align: center;\"><strong><span class=\"textheading3 \">Av. de Diego Mor\u00f3n, 21 Huelva<\/span><\/strong><\/h3>\n<\/div>\n<\/div>\n<\/div>\n<\/div>\n<\/div>\n<\/div>\n<\/div>\n<div><\/div>\n<\/div>\n<div class=\"Preview_column__1KeVx col \">\n<div class=\"Preview_row__3Fkye row\">\n<div data-id=\"5C866E95-EDBD-4E23-A102-6AF27549803D\" data-kind=\"TEXT\" class=\"Preview_componentWrapper__2i4QI\">\n<div data-in-template=\"false\" data-id=\"5C866E95-EDBD-4E23-A102-6AF27549803D\" data-kind=\"Component\" data-specific-kind=\"TEXT\" class=\" Preview_component__SbiKo text-align-null\">\n<div data-mve-font-change=\"0\" class=\"styles_contentContainer__lrPIa textnormal styles_text__3jGMu\">\n<div class=\"mceNonEditable center\">\n<div data-wrap-id=\"F0D87229-C152-4E5C-BF88-14A67ED72F45\">\n<div class=\"Preview_column__1KeVx col \">\n<div class=\"Preview_row__3Fkye row\">\n<div data-id=\"F0D87229-C152-4E5C-BF88-14A67ED72F45\" data-kind=\"IMAGE\" class=\"Preview_componentWrapper__2i4QI\">\n<div data-in-template=\"false\" data-id=\"F0D87229-C152-4E5C-BF88-14A67ED72F45\" data-kind=\"Component\" data-specific-kind=\"IMAGE\" class=\" Preview_component__SbiKo \"><\/div>\n<\/div>\n<\/div>\n<\/div>\n<\/div>\n<\/div>\n<\/div>\n<\/div>\n<\/div>\n<\/div>\n<\/div>\n<p>[\/et_pb_text][\/et_pb_column][\/et_pb_row][\/et_pb_section]<\/p>\n","protected":false},"excerpt":{"rendered":"<p>Contacte con nosotrosDatos de contacto+34 655 808 440coladagenial@gmail.comC\/ Galaroza, 1, 21006 Huelva C\/ Zenobia Camprub\u00ed, 79, 81, 21800 Moguer, Huelva Av. de Villa Real de San Antonio, 14, 21400 Ayamonte, Huelva Av. de Diego Mor\u00f3n, 21 HuelvaVIS\u00cdTANOS EN CUALQUIER DE NUESTRAS INSTALACIONES C\/ Galaroza, 1, 21006 Huelva C\/ Zenobia Camprub\u00ed, 79, 81, 21800 Moguer, Huelva [&hellip;]<\/p>\n","protected":false},"author":1,"featured_media":0,"parent":0,"menu_order":0,"comment_status":"closed","ping_status":"closed","template":"","meta":{"_et_pb_use_builder":"on","_et_pb_old_content":"<!-- wp:divi\/placeholder \/-->","_et_gb_content_width":"","footnotes":""},"class_list":["post-11","page","type-page","status-publish","hentry"],"_links":{"self":[{"href":"https:\/\/coladagenial.com\/index.php?rest_route=\/wp\/v2\/pages\/11","targetHints":{"allow":["GET"]}}],"collection":[{"href":"https:\/\/coladagenial.com\/index.php?rest_route=\/wp\/v2\/pages"}],"about":[{"href":"https:\/\/coladagenial.com\/index.php?rest_route=\/wp\/v2\/types\/page"}],"author":[{"embeddable":true,"href":"https:\/\/coladagenial.com\/index.php?rest_route=\/wp\/v2\/users\/1"}],"replies":[{"embeddable":true,"href":"https:\/\/coladagenial.com\/index.php?rest_route=%2Fwp%2Fv2%2Fcomments&post=11"}],"version-history":[{"count":5,"href":"https:\/\/coladagenial.com\/index.php?rest_route=\/wp\/v2\/pages\/11\/revisions"}],"predecessor-version":[{"id":56,"href":"https:\/\/coladagenial.com\/index.php?rest_route=\/wp\/v2\/pages\/11\/revisions\/56"}],"wp:attachment":[{"href":"https:\/\/coladagenial.com\/index.php?rest_route=%2Fwp%2Fv2%2Fmedia&parent=11"}],"curies":[{"name":"wp","href":"https:\/\/api.w.org\/{rel}","templated":true}]}}